{"id":394,"date":"2026-04-08T20:57:36","date_gmt":"2026-04-08T20:57:36","guid":{"rendered":"http:\/\/www.kbahiri.com\/?page_id=394"},"modified":"2026-04-12T09:07:49","modified_gmt":"2026-04-12T09:07:49","slug":"cybersecurite-pour-particuliers","status":"publish","type":"page","link":"https:\/\/www.kbahiri.com\/en\/cybersecurite-pour-particuliers\/","title":{"rendered":"Particuliers"},"content":{"rendered":"<div data-elementor-type=\"wp-page\" data-elementor-id=\"394\" class=\"elementor elementor-394\">\n\t\t\t\t<div class=\"elementor-element elementor-element-8557361 e-flex e-con-boxed elementor-invisible e-con e-parent\" data-id=\"8557361\" data-element_type=\"container\" data-e-type=\"container\" data-settings=\"{&quot;background_background&quot;:&quot;gradient&quot;,&quot;animation&quot;:&quot;fadeInUp&quot;,&quot;animation_delay&quot;:0.8}\">\n\t\t\t\t\t<div class=\"e-con-inner\">\n\t\t<div class=\"elementor-element elementor-element-ff06255 e-con-full e-flex e-con e-child\" data-id=\"ff06255\" data-element_type=\"container\" data-e-type=\"container\" data-settings=\"{&quot;background_background&quot;:&quot;gradient&quot;}\">\n\t\t\t\t<div class=\"elementor-element elementor-element-23e1b16 elementor-widget elementor-widget-heading\" data-id=\"23e1b16\" data-element_type=\"widget\" data-e-type=\"widget\" data-widget_type=\"heading.default\">\n\t\t\t\t\t<h2 class=\"elementor-heading-title elementor-size-default\">Prot\u00e9gez votre vie num\u00e9rique simplement et efficacement<\/h2>\t\t\t\t<\/div>\n\t\t\t\t<div class=\"elementor-element elementor-element-4b82ae7 elementor-widget elementor-widget-text-editor\" data-id=\"4b82ae7\" data-element_type=\"widget\" data-e-type=\"widget\" data-widget_type=\"text-editor.default\">\n\t\t\t\t\t\t\t\t\t<p>Virus, piratage, phishing\u2026 s\u00e9curisez vos appareils sans effort.<\/p>\t\t\t\t\t\t\t\t<\/div>\n\t\t\t\t<div class=\"elementor-element elementor-element-cafca7d elementor-widget elementor-widget-button\" data-id=\"cafca7d\" data-element_type=\"widget\" data-e-type=\"widget\" data-widget_type=\"button.default\">\n\t\t\t\t\t\t\t\t\t\t<a class=\"elementor-button elementor-button-link elementor-size-sm\" href=\"http:\/\/www.kbahiri.com\/en\/contact\/\">\n\t\t\t\t\t\t<span class=\"elementor-button-content-wrapper\">\n\t\t\t\t\t\t\t\t\t<span class=\"elementor-button-text\">Demander un audit gratuit<\/span>\n\t\t\t\t\t<\/span>\n\t\t\t\t\t<\/a>\n\t\t\t\t\t\t\t\t<\/div>\n\t\t\t\t<div class=\"elementor-element elementor-element-b5d9183 elementor-widget elementor-widget-heading\" data-id=\"b5d9183\" data-element_type=\"widget\" data-e-type=\"widget\" data-widget_type=\"heading.default\">\n\t\t\t\t\t<p class=\"elementor-heading-title elementor-size-default\">+100 appareils prot\u00e9g\u00e9s \u2022 Assistance rapide \u2022 Expertise cybers\u00e9curit\u00e9<\/p>\t\t\t\t<\/div>\n\t\t\t\t<div class=\"elementor-element elementor-element-39f0f09 elementor-widget elementor-widget-text-editor\" data-id=\"39f0f09\" data-element_type=\"widget\" data-e-type=\"widget\" data-widget_type=\"text-editor.default\">\n\t\t\t\t\t\t\t\t\t<p>\u2714 Installation rapide <br \/>\u2714 Sans engagement <br \/>\u2714 Assistance personnalis\u00e9e <\/p>\t\t\t\t\t\t\t\t<\/div>\n\t\t\t\t<\/div>\n\t\t<div class=\"elementor-element elementor-element-6d1411d e-con-full e-flex e-con e-child\" data-id=\"6d1411d\" data-element_type=\"container\" data-e-type=\"container\" data-settings=\"{&quot;background_background&quot;:&quot;gradient&quot;}\">\n\t\t\t\t<div class=\"elementor-element elementor-element-23e0347 elementor-widget elementor-widget-image\" data-id=\"23e0347\" data-element_type=\"widget\" data-e-type=\"widget\" data-widget_type=\"image.default\">\n\t\t\t\t\t\t\t\t\t\t\t\t\t\t\t<img fetchpriority=\"high\" decoding=\"async\" width=\"296\" height=\"300\" src=\"https:\/\/www.kbahiri.com\/wp-content\/uploads\/2026\/04\/IMG_8242-3-296x300.jpeg\" class=\"attachment-medium size-medium wp-image-400\" alt=\"\" srcset=\"https:\/\/www.kbahiri.com\/wp-content\/uploads\/2026\/04\/IMG_8242-3-296x300.jpeg 296w, https:\/\/www.kbahiri.com\/wp-content\/uploads\/2026\/04\/IMG_8242-3-1011x1024.jpeg 1011w, https:\/\/www.kbahiri.com\/wp-content\/uploads\/2026\/04\/IMG_8242-3-768x778.jpeg 768w, https:\/\/www.kbahiri.com\/wp-content\/uploads\/2026\/04\/IMG_8242-3-1516x1536.jpeg 1516w, https:\/\/www.kbahiri.com\/wp-content\/uploads\/2026\/04\/IMG_8242-3-12x12.jpeg 12w, https:\/\/www.kbahiri.com\/wp-content\/uploads\/2026\/04\/IMG_8242-3.jpeg 1797w\" sizes=\"(max-width: 296px) 100vw, 296px\" \/>\t\t\t\t\t\t\t\t\t\t\t\t\t\t\t<\/div>\n\t\t\t\t<\/div>\n\t\t\t\t\t<\/div>\n\t\t\t\t<\/div>\n\t\t<div class=\"elementor-element elementor-element-a5993a3 e-flex e-con-boxed elementor-invisible e-con e-parent\" data-id=\"a5993a3\" data-element_type=\"container\" data-e-type=\"container\" data-settings=\"{&quot;background_background&quot;:&quot;gradient&quot;,&quot;animation&quot;:&quot;fadeInUp&quot;,&quot;animation_delay&quot;:0.8}\">\n\t\t\t\t\t<div class=\"e-con-inner\">\n\t\t\t\t<div class=\"elementor-element elementor-element-32ae23c elementor-widget elementor-widget-heading\" data-id=\"32ae23c\" data-element_type=\"widget\" data-e-type=\"widget\" data-widget_type=\"heading.default\">\n\t\t\t\t\t<h2 class=\"elementor-heading-title elementor-size-default\">La cybers\u00e9curit\u00e9 concerne aussi les particuliers<\/h2>\t\t\t\t<\/div>\n\t\t\t\t<div class=\"elementor-element elementor-element-77a22f4 elementor-widget elementor-widget-text-editor\" data-id=\"77a22f4\" data-element_type=\"widget\" data-e-type=\"widget\" data-widget_type=\"text-editor.default\">\n\t\t\t\t\t\t\t\t\t<p>Vos donn\u00e9es personnelles ont de la valeur.<br \/>Sans protection, vos comptes, photos et informations peuvent \u00eatre compromis.<\/p>\t\t\t\t\t\t\t\t<\/div>\n\t\t\t\t<div class=\"elementor-element elementor-element-cd35391 elementor-widget elementor-widget-text-editor\" data-id=\"cd35391\" data-element_type=\"widget\" data-e-type=\"widget\" data-widget_type=\"text-editor.default\">\n\t\t\t\t\t\t\t\t\t<p>Une protection compl\u00e8te et simple \u00e0 utiliser<\/p>\t\t\t\t\t\t\t\t<\/div>\n\t\t<div class=\"elementor-element elementor-element-a4b6db9 e-con-full e-flex elementor-invisible e-con e-child\" data-id=\"a4b6db9\" data-element_type=\"container\" data-e-type=\"container\" data-settings=\"{&quot;background_background&quot;:&quot;gradient&quot;,&quot;animation&quot;:&quot;fadeInUp&quot;,&quot;animation_delay&quot;:0.8}\">\n\t\t<div class=\"elementor-element elementor-element-4e49b45 e-con-full e-flex e-con e-child\" data-id=\"4e49b45\" data-element_type=\"container\" data-e-type=\"container\" data-settings=\"{&quot;background_background&quot;:&quot;gradient&quot;}\">\n\t\t\t\t<div class=\"elementor-element elementor-element-3b2480d elementor-widget elementor-widget-text-editor\" data-id=\"3b2480d\" data-element_type=\"widget\" data-e-type=\"widget\" data-widget_type=\"text-editor.default\">\n\t\t\t\t\t\t\t\t\t<p>Protection compl\u00e8te <br \/>Vos appareils sont prot\u00e9g\u00e9s en continu contre les menaces<\/p><p>\u00a0<\/p>\t\t\t\t\t\t\t\t<\/div>\n\t\t\t\t<\/div>\n\t\t<div class=\"elementor-element elementor-element-be2fe7d e-con-full e-flex e-con e-child\" data-id=\"be2fe7d\" data-element_type=\"container\" data-e-type=\"container\">\n\t\t\t\t<div class=\"elementor-element elementor-element-221a892 elementor-widget elementor-widget-text-editor\" data-id=\"221a892\" data-element_type=\"widget\" data-e-type=\"widget\" data-widget_type=\"text-editor.default\">\n\t\t\t\t\t\t\t\t\t<p>Surveillance active <br \/>D\u00e9tection des activit\u00e9s suspectes en temps r\u00e9el<\/p><p>\u00a0<\/p>\t\t\t\t\t\t\t\t<\/div>\n\t\t\t\t<\/div>\n\t\t<div class=\"elementor-element elementor-element-c83431a e-con-full e-flex e-con e-child\" data-id=\"c83431a\" data-element_type=\"container\" data-e-type=\"container\" data-settings=\"{&quot;background_background&quot;:&quot;gradient&quot;}\">\n\t\t\t\t<div class=\"elementor-element elementor-element-afa10af elementor-widget elementor-widget-text-editor\" data-id=\"afa10af\" data-element_type=\"widget\" data-e-type=\"widget\" data-widget_type=\"text-editor.default\">\n\t\t\t\t\t\t\t\t\t<p>S\u00e9curit\u00e9 simplifi\u00e9e <br \/>Aucune comp\u00e9tence technique n\u00e9cessaire<\/p><p>\u00a0<\/p>\t\t\t\t\t\t\t\t<\/div>\n\t\t\t\t<\/div>\n\t\t<div class=\"elementor-element elementor-element-ec693f6 e-con-full e-flex e-con e-child\" data-id=\"ec693f6\" data-element_type=\"container\" data-e-type=\"container\">\n\t\t\t\t<div class=\"elementor-element elementor-element-4a98708 elementor-widget elementor-widget-text-editor\" data-id=\"4a98708\" data-element_type=\"widget\" data-e-type=\"widget\" data-widget_type=\"text-editor.default\">\n\t\t\t\t\t\t\t\t\t<p>Navigation s\u00e9curis\u00e9e <br \/>Vos donn\u00e9es sont prot\u00e9g\u00e9es gr\u00e2ce au chiffrement<\/p>\t\t\t\t\t\t\t\t<\/div>\n\t\t\t\t<\/div>\n\t\t\t\t<\/div>\n\t\t<div class=\"elementor-element elementor-element-76b2b1f e-con-full e-flex e-con e-child\" data-id=\"76b2b1f\" data-element_type=\"container\" data-e-type=\"container\">\n\t\t\t\t<div class=\"elementor-element elementor-element-c93eadc elementor-widget elementor-widget-text-editor\" data-id=\"c93eadc\" data-element_type=\"widget\" data-e-type=\"widget\" data-widget_type=\"text-editor.default\">\n\t\t\t\t\t\t\t\t\t<p>Pourquoi nous faire confiance ?<\/p><p>\u2714 Expertise en cybers\u00e9curit\u00e9 <br \/>Des solutions professionnelles adapt\u00e9es \u00e0 vos besoins<\/p><p>\u2714 Accompagnement personnalis\u00e9 <br \/>Un expert vous accompagne \u00e0 chaque \u00e9tape<\/p><p>\u2714 R\u00e9activit\u00e9 <br \/>Intervention rapide en cas de probl\u00e8me<\/p>\t\t\t\t\t\t\t\t<\/div>\n\t\t\t\t<\/div>\n\t\t<div class=\"elementor-element elementor-element-5f63b04 e-con-full e-flex e-con e-child\" data-id=\"5f63b04\" data-element_type=\"container\" data-e-type=\"container\" data-settings=\"{&quot;background_background&quot;:&quot;gradient&quot;}\">\n\t\t\t\t<div class=\"elementor-element elementor-element-13fe118 elementor-widget elementor-widget-heading\" data-id=\"13fe118\" data-element_type=\"widget\" data-e-type=\"widget\" data-widget_type=\"heading.default\">\n\t\t\t\t\t<h2 class=\"elementor-heading-title elementor-size-default\">S\u00e9curisez votre activit\u00e9 d\u00e8s aujourd\u2019hui<\/h2>\t\t\t\t<\/div>\n\t\t\t\t<\/div>\n\t\t\t\t<div class=\"elementor-element elementor-element-157fec1 elementor-widget elementor-widget-text-editor\" data-id=\"157fec1\" data-element_type=\"widget\" data-e-type=\"widget\" data-widget_type=\"text-editor.default\">\n\t\t\t\t\t\t\t\t\t<p>Chaque jour sans protection augmente les risques de cyberattaque.<\/p>\t\t\t\t\t\t\t\t<\/div>\n\t\t\t\t<div class=\"elementor-element elementor-element-ca944a1 elementor-widget elementor-widget-heading\" data-id=\"ca944a1\" data-element_type=\"widget\" data-e-type=\"widget\" data-widget_type=\"heading.default\">\n\t\t\t\t\t<h2 class=\"elementor-heading-title elementor-size-default\">Questions fr\u00e9quentes<\/h2>\t\t\t\t<\/div>\n\t\t\t\t<div class=\"elementor-element elementor-element-1d68557 elementor-widget elementor-widget-text-editor\" data-id=\"1d68557\" data-element_type=\"widget\" data-e-type=\"widget\" data-widget_type=\"text-editor.default\">\n\t\t\t\t\t\t\t\t\t<p>Est-ce compliqu\u00e9 \u00e0 installer ?<br \/>Non, tout est mis en place pour vous.<\/p><p>Dois-je avoir des connaissances techniques ?<br \/>Non, la solution est simple et automatis\u00e9e.<\/p><p>Mes donn\u00e9es sont-elles r\u00e9ellement prot\u00e9g\u00e9es ?<br \/>Oui, gr\u00e2ce \u00e0 des technologies utilis\u00e9es en entreprise.<\/p>\t\t\t\t\t\t\t\t<\/div>\n\t\t\t\t<div class=\"elementor-element elementor-element-51e5c25 elementor-widget elementor-widget-button\" data-id=\"51e5c25\" data-element_type=\"widget\" data-e-type=\"widget\" data-widget_type=\"button.default\">\n\t\t\t\t\t\t\t\t\t\t<a class=\"elementor-button elementor-button-link elementor-size-sm\" href=\"http:\/\/www.kbahiri.com\/en\/contact\/\">\n\t\t\t\t\t\t<span class=\"elementor-button-content-wrapper\">\n\t\t\t\t\t\t\t\t\t<span class=\"elementor-button-text\">Demander mon audit gratuit<\/span>\n\t\t\t\t\t<\/span>\n\t\t\t\t\t<\/a>\n\t\t\t\t\t\t\t\t<\/div>\n\t\t\t\t<div class=\"elementor-element elementor-element-204491f elementor-widget elementor-widget-text-editor\" data-id=\"204491f\" data-element_type=\"widget\" data-e-type=\"widget\" data-widget_type=\"text-editor.default\">\n\t\t\t\t\t\t\t\t\t<p>\u2714 R\u00e9ponse sous 24h <br \/>\u2714 Sans engagement <br \/>\u2714 Accompagnement personnalis\u00e9<\/p>\t\t\t\t\t\t\t\t<\/div>\n\t\t\t\t\t<\/div>\n\t\t\t\t<\/div>\n\t\t<div class=\"elementor-element elementor-element-7d93e6c e-flex e-con-boxed elementor-invisible e-con e-parent\" data-id=\"7d93e6c\" data-element_type=\"container\" data-e-type=\"container\" data-settings=\"{&quot;background_background&quot;:&quot;gradient&quot;,&quot;animation&quot;:&quot;fadeInUp&quot;,&quot;animation_delay&quot;:0.8}\">\n\t\t\t\t\t<div class=\"e-con-inner\">\n\t\t\t\t<div class=\"elementor-element elementor-element-017c489 elementor-widget elementor-widget-heading\" data-id=\"017c489\" data-element_type=\"widget\" data-e-type=\"widget\" data-widget_type=\"heading.default\">\n\t\t\t\t\t<h2 class=\"elementor-heading-title elementor-size-default\">Une cybers\u00e9curit\u00e9 professionnelle accessible<\/h2>\t\t\t\t<\/div>\n\t\t\t\t<div class=\"elementor-element elementor-element-03f0553 elementor-widget elementor-widget-text-editor\" data-id=\"03f0553\" data-element_type=\"widget\" data-e-type=\"widget\" data-widget_type=\"text-editor.default\">\n\t\t\t\t\t\t\t\t\t<p>Profitez de technologies avanc\u00e9es utilis\u00e9es en entreprise, adapt\u00e9es aux particuliers.<\/p>\t\t\t\t\t\t\t\t<\/div>\n\t\t\t\t\t<\/div>\n\t\t\t\t<\/div>\n\t\t<div class=\"elementor-element elementor-element-d81d03a e-flex e-con-boxed elementor-invisible e-con e-parent\" data-id=\"d81d03a\" data-element_type=\"container\" data-e-type=\"container\" data-settings=\"{&quot;background_background&quot;:&quot;gradient&quot;,&quot;animation&quot;:&quot;fadeInUp&quot;,&quot;animation_delay&quot;:0.8}\">\n\t\t\t\t\t<div class=\"e-con-inner\">\n\t\t\t\t<div class=\"elementor-element elementor-element-d9690e2 elementor-widget elementor-widget-heading\" data-id=\"d9690e2\" data-element_type=\"widget\" data-e-type=\"widget\" data-widget_type=\"heading.default\">\n\t\t\t\t\t<h2 class=\"elementor-heading-title elementor-size-default\">Besoin d\u2019un accompagnement personnalis\u00e9 ?<\/h2>\t\t\t\t<\/div>\n\t\t\t\t<div class=\"elementor-element elementor-element-4594911 elementor-widget elementor-widget-text-editor\" data-id=\"4594911\" data-element_type=\"widget\" data-e-type=\"widget\" data-widget_type=\"text-editor.default\">\n\t\t\t\t\t\t\t\t\t<p>Un expert vous conseille et vous aide \u00e0 s\u00e9curiser vos \u00e9quipements.<\/p>\t\t\t\t\t\t\t\t<\/div>\n\t\t\t\t<div class=\"elementor-element elementor-element-80ce73a elementor-widget elementor-widget-text-editor\" data-id=\"80ce73a\" data-element_type=\"widget\" data-e-type=\"widget\" data-widget_type=\"text-editor.default\">\n\t\t\t\t\t\t\t\t\t<p>Chaque jour sans protection augmente les risques de piratage.<\/p>\t\t\t\t\t\t\t\t<\/div>\n\t\t\t\t<div class=\"elementor-element elementor-element-72c48b7 elementor-widget elementor-widget-button\" data-id=\"72c48b7\" data-element_type=\"widget\" data-e-type=\"widget\" data-widget_type=\"button.default\">\n\t\t\t\t\t\t\t\t\t\t<a class=\"elementor-button elementor-button-link elementor-size-sm\" href=\"http:\/\/www.kbahiri.com\/en\/contact\/\">\n\t\t\t\t\t\t<span class=\"elementor-button-content-wrapper\">\n\t\t\t\t\t\t<span class=\"elementor-button-icon\">\n\t\t\t\t<svg aria-hidden=\"true\" class=\"e-font-icon-svg e-far-arrow-alt-circle-right\" viewbox=\"0 0 512 512\" xmlns=\"http:\/\/www.w3.org\/2000\/svg\"><path d=\"M504 256C504 119 393 8 256 8S8 119 8 256s111 248 248 248 248-111 248-248zm-448 0c0-110.5 89.5-200 200-200s200 89.5 200 200-89.5 200-200 200S56 366.5 56 256zm72 20v-40c0-6.6 5.4-12 12-12h116v-67c0-10.7 12.9-16 20.5-8.5l99 99c4.7 4.7 4.7 12.3 0 17l-99 99c-7.6 7.6-20.5 2.2-20.5-8.5v-67H140c-6.6 0-12-5.4-12-12z\"><\/path><\/svg>\t\t\t<\/span>\n\t\t\t\t\t\t\t\t\t<span class=\"elementor-button-text\">Demander mon audit gratuit<\/span>\n\t\t\t\t\t<\/span>\n\t\t\t\t\t<\/a>\n\t\t\t\t\t\t\t\t<\/div>\n\t\t\t\t\t<\/div>\n\t\t\t\t<\/div>\n\t\t<div class=\"elementor-element elementor-element-fe79cc0 e-flex e-con-boxed e-con e-parent\" data-id=\"fe79cc0\" data-element_type=\"container\" data-e-type=\"container\" data-settings=\"{&quot;background_background&quot;:&quot;gradient&quot;}\">\n\t\t\t\t\t<div class=\"e-con-inner\">\n\t\t\t\t<div class=\"elementor-element elementor-element-8d79e3b elementor-widget elementor-widget-text-editor\" data-id=\"8d79e3b\" data-element_type=\"widget\" data-e-type=\"widget\" data-widget_type=\"text-editor.default\">\n\t\t\t\t\t\t\t\t\t<p>Ou contactez-nous directement :<\/p><p>\ud83d\udcde 06 08 72 94 86 <br \/>\u2709\ufe0f contact@kbahiri.com<\/p>\t\t\t\t\t\t\t\t<\/div>\n\t\t\t\t\t<\/div>\n\t\t\t\t<\/div>\n\t\t\t\t<\/div>","protected":false},"excerpt":{"rendered":"<p>Prot\u00e9gez votre vie num\u00e9rique simplement et efficacement Virus, piratage, phishing\u2026 s\u00e9curisez vos appareils sans effort. Demander un audit gratuit +100 appareils prot\u00e9g\u00e9s \u2022 Assistance rapide \u2022 Expertise cybers\u00e9curit\u00e9 \u2714 Installation rapide \u2714 Sans engagement \u2714 Assistance personnalis\u00e9e La cybers\u00e9curit\u00e9 concerne aussi les particuliers Vos donn\u00e9es personnelles ont de la valeur.Sans protection, vos comptes, photos et [&hellip;]<\/p>\n","protected":false},"author":1,"featured_media":0,"parent":0,"menu_order":0,"comment_status":"closed","ping_status":"closed","template":"","meta":{"footnotes":""},"class_list":["post-394","page","type-page","status-publish","hentry"],"blocksy_meta":[],"_links":{"self":[{"href":"https:\/\/www.kbahiri.com\/en\/wp-json\/wp\/v2\/pages\/394","targetHints":{"allow":["GET"]}}],"collection":[{"href":"https:\/\/www.kbahiri.com\/en\/wp-json\/wp\/v2\/pages"}],"about":[{"href":"https:\/\/www.kbahiri.com\/en\/wp-json\/wp\/v2\/types\/page"}],"author":[{"embeddable":true,"href":"https:\/\/www.kbahiri.com\/en\/wp-json\/wp\/v2\/users\/1"}],"replies":[{"embeddable":true,"href":"https:\/\/www.kbahiri.com\/en\/wp-json\/wp\/v2\/comments?post=394"}],"version-history":[{"count":6,"href":"https:\/\/www.kbahiri.com\/en\/wp-json\/wp\/v2\/pages\/394\/revisions"}],"predecessor-version":[{"id":862,"href":"https:\/\/www.kbahiri.com\/en\/wp-json\/wp\/v2\/pages\/394\/revisions\/862"}],"wp:attachment":[{"href":"https:\/\/www.kbahiri.com\/en\/wp-json\/wp\/v2\/media?parent=394"}],"curies":[{"name":"wp","href":"https:\/\/api.w.org\/{rel}","templated":true}]}}