{"id":2301,"date":"2026-04-21T15:21:04","date_gmt":"2026-04-21T15:21:04","guid":{"rendered":"https:\/\/www.kbahiri.com\/?page_id=2301"},"modified":"2026-04-28T08:57:54","modified_gmt":"2026-04-28T08:57:54","slug":"a-propos-expert-profil","status":"publish","type":"page","link":"http:\/\/www.kbahiri.com\/en\/a-propos-expert-profil\/","title":{"rendered":"\u00c0 propos \/ Expert \/ Profil"},"content":{"rendered":"<div data-elementor-type=\"wp-page\" data-elementor-id=\"2301\" class=\"elementor elementor-2301\">\n\t\t\t\t<div class=\"elementor-element elementor-element-6fe26a1 e-flex e-con-boxed e-con e-parent\" data-id=\"6fe26a1\" data-element_type=\"container\" data-e-type=\"container\">\n\t\t\t\t\t<div class=\"e-con-inner\">\n\t\t\t\t<div class=\"elementor-element elementor-element-43c8b14 elementor-widget elementor-widget-heading\" data-id=\"43c8b14\" data-element_type=\"widget\" data-e-type=\"widget\" data-widget_type=\"heading.default\">\n\t\t\t\t\t<h2 class=\"elementor-heading-title elementor-size-default\">Expert MSP &amp; Cybers\u00e9curit\u00e9 pour PME<\/h2>\t\t\t\t<\/div>\n\t\t\t\t<div class=\"elementor-element elementor-element-165a5c6 elementor-widget elementor-widget-text-editor\" data-id=\"165a5c6\" data-element_type=\"widget\" data-e-type=\"widget\" data-widget_type=\"text-editor.default\">\n\t\t\t\t\t\t\t\t\t<p>J\u2019aide les PME \u00e0 \u00e9liminer les pannes, s\u00e9curiser leurs donn\u00e9es et reprendre le contr\u00f4le de leur IT.<\/p>\t\t\t\t\t\t\t\t<\/div>\n\t\t\t\t<div class=\"elementor-element elementor-element-a5707f3 elementor-widget elementor-widget-html\" data-id=\"a5707f3\" data-element_type=\"widget\" data-e-type=\"widget\" data-widget_type=\"html.default\">\n\t\t\t\t\t<div class=\"msp-proof-card\">\n\n  <div class=\"msp-proof-header\">\n    \n\n    <div class=\"msp-proof-identity\">\n      <div class=\"msp-proof-name\">Khalid Bahiri<\/div>\n      <div class=\"msp-proof-role\">MSP & Cybers\u00e9curit\u00e9<\/div>\n    <\/div>\n  <\/div>\n\n \n\n  <div class=\"msp-proof-risk\">\n    \u26a0\ufe0f Des vuln\u00e9rabilit\u00e9s peuvent \u00eatre exploit\u00e9es en ce moment m\u00eame\n  <\/div>\n\n  <!-- CTA PRINCIPAL -->\n  <a href=\"\/en\/diagnostic-it\/\" class=\"msp-proof-cta primary\">\n    \ud83d\udd0e Lancer mon diagnostic gratuit\n  <\/a>\n\n  <!-- MICRO PREUVE -->\n  <div class=\"msp-proof-micro\">\n    \u26a1 Diagnostic en 2 minutes \u2014 sans engagement\n  <\/div>\n\n  <!-- CTA SECONDAIRE -->\n  \n     <a href=\"https:\/\/www.linkedin.com\/in\/kbahiri\" class=\"msp-linkedin\" target=\"_blank\">\n    Voir mon profil LinkedIn\n    <\/a>\n\n\n  <!-- PREUVES -->\n  <div class=\"msp-proof-fast\">\n    \u26a1 +20 entreprises accompagn\u00e9es \u2022 10+ ans d\u2019exp\u00e9rience\n  <\/div>\n\n  <div class=\"msp-proof-honest\">\n    \ud83d\udd10 Approche confidentielle \u2014 aucune donn\u00e9e client expos\u00e9e\n  <\/div>\n\n<\/div>\t\t\t\t<\/div>\n\t\t\t\t\t<\/div>\n\t\t\t\t<\/div>\n\t\t\t\t<\/div>","protected":false},"excerpt":{"rendered":"<p>Expert MSP &amp; Cybers\u00e9curit\u00e9 pour PME J\u2019aide les PME \u00e0 \u00e9liminer les pannes, s\u00e9curiser leurs donn\u00e9es et reprendre le contr\u00f4le de leur IT. Khalid Bahiri MSP &#038; Cybers\u00e9curit\u00e9 \u26a0\ufe0f Des vuln\u00e9rabilit\u00e9s peuvent \u00eatre exploit\u00e9es en ce moment m\u00eame \ud83d\udd0e Lancer mon diagnostic gratuit \u26a1 Diagnostic en 2 minutes \u2014 sans engagement Voir mon profil LinkedIn [&hellip;]<\/p>\n","protected":false},"author":1,"featured_media":0,"parent":0,"menu_order":0,"comment_status":"closed","ping_status":"closed","template":"","meta":{"footnotes":""},"class_list":["post-2301","page","type-page","status-publish","hentry"],"blocksy_meta":[],"_links":{"self":[{"href":"http:\/\/www.kbahiri.com\/en\/wp-json\/wp\/v2\/pages\/2301","targetHints":{"allow":["GET"]}}],"collection":[{"href":"http:\/\/www.kbahiri.com\/en\/wp-json\/wp\/v2\/pages"}],"about":[{"href":"http:\/\/www.kbahiri.com\/en\/wp-json\/wp\/v2\/types\/page"}],"author":[{"embeddable":true,"href":"http:\/\/www.kbahiri.com\/en\/wp-json\/wp\/v2\/users\/1"}],"replies":[{"embeddable":true,"href":"http:\/\/www.kbahiri.com\/en\/wp-json\/wp\/v2\/comments?post=2301"}],"version-history":[{"count":64,"href":"http:\/\/www.kbahiri.com\/en\/wp-json\/wp\/v2\/pages\/2301\/revisions"}],"predecessor-version":[{"id":3060,"href":"http:\/\/www.kbahiri.com\/en\/wp-json\/wp\/v2\/pages\/2301\/revisions\/3060"}],"wp:attachment":[{"href":"http:\/\/www.kbahiri.com\/en\/wp-json\/wp\/v2\/media?parent=2301"}],"curies":[{"name":"wp","href":"https:\/\/api.w.org\/{rel}","templated":true}]}}