{"id":2157,"date":"2026-04-20T10:12:37","date_gmt":"2026-04-20T10:12:37","guid":{"rendered":"https:\/\/www.kbahiri.com\/?page_id=2157"},"modified":"2026-04-21T14:46:06","modified_gmt":"2026-04-21T14:46:06","slug":"maintenance-informatique","status":"publish","type":"page","link":"http:\/\/www.kbahiri.com\/en\/maintenance-informatique\/","title":{"rendered":"Maintenance Informatique"},"content":{"rendered":"<div data-elementor-type=\"wp-post\" data-elementor-id=\"2157\" class=\"elementor elementor-2157\">\n\t\t\t\t<div class=\"elementor-element elementor-element-31bd85f e-flex e-con-boxed e-con e-parent\" data-id=\"31bd85f\" data-element_type=\"container\" data-e-type=\"container\" data-settings=\"{&quot;background_background&quot;:&quot;gradient&quot;}\">\n\t\t\t\t\t<div class=\"e-con-inner\">\n\t\t\t\t<div class=\"elementor-element elementor-element-9d77e76 elementor-widget__width-initial elementor-widget elementor-widget-heading\" data-id=\"9d77e76\" data-element_type=\"widget\" data-e-type=\"widget\" data-widget_type=\"heading.default\">\n\t\t\t\t\t<h2 class=\"elementor-heading-title elementor-size-default\">Infog\u00e9rance &amp; Maintenance IT pour PME<br>Z\u00e9ro panne. Z\u00e9ro surprise.<\/h2>\t\t\t\t<\/div>\n\t\t\t\t<div class=\"elementor-element elementor-element-473f561 elementor-widget elementor-widget-text-editor\" data-id=\"473f561\" data-element_type=\"widget\" data-e-type=\"widget\" data-widget_type=\"text-editor.default\">\n\t\t\t\t\t\t\t\t\t<p style=\"text-align: left;\">Nous anticipons les pannes, bloquons les menaces et assurons la continuit\u00e9 de votre activit\u00e9.<\/p><p>Vos \u00e9quipes travaillent. Votre IT ne vous ralentit plus.<\/p>\t\t\t\t\t\t\t\t<\/div>\n\t\t\t\t<div class=\"elementor-element elementor-element-a8e78cf elementor-widget elementor-widget-heading\" data-id=\"a8e78cf\" data-element_type=\"widget\" data-e-type=\"widget\" data-widget_type=\"heading.default\">\n\t\t\t\t\t<h2 class=\"elementor-heading-title elementor-size-default\">\u26a0\ufe0f Aujourd\u2019hui, votre IT vous expose \u00e0 des risques<\/h2>\t\t\t\t<\/div>\n\t\t<div class=\"elementor-element elementor-element-b4aa962 e-con-full e-flex e-con e-child\" data-id=\"b4aa962\" data-element_type=\"container\" data-e-type=\"container\" data-settings=\"{&quot;background_background&quot;:&quot;gradient&quot;}\">\n\t\t\t\t<div class=\"elementor-element elementor-element-462bd8a elementor-widget elementor-widget-text-editor\" data-id=\"462bd8a\" data-element_type=\"widget\" data-e-type=\"widget\" data-widget_type=\"text-editor.default\">\n\t\t\t\t\t\t\t\t\t<p style=\"text-align: left;\">\u274c Des pannes qui bloquent votre activit\u00e9 <br \/>\u274c Un support lent quand vous en avez besoin <br \/>\u274c Des failles de s\u00e9curit\u00e9 invisibles <br \/>\u274c Des co\u00fbts IT impr\u00e9visibles<\/p>\t\t\t\t\t\t\t\t<\/div>\n\t\t\t\t<\/div>\n\t\t\t\t<div class=\"elementor-element elementor-element-226e0c6 elementor-widget elementor-widget-text-editor\" data-id=\"226e0c6\" data-element_type=\"widget\" data-e-type=\"widget\" data-widget_type=\"text-editor.default\">\n\t\t\t\t\t\t\t\t\t<p>Votre IT ne doit plus \u00eatre un risque.<\/p>\t\t\t\t\t\t\t\t<\/div>\n\t\t\t\t<div class=\"elementor-element elementor-element-6dbb456 elementor-widget elementor-widget-button\" data-id=\"6dbb456\" data-element_type=\"widget\" data-e-type=\"widget\" data-widget_type=\"button.default\">\n\t\t\t\t\t\t\t\t\t\t<a class=\"elementor-button elementor-button-link elementor-size-sm\" href=\"#\">\n\t\t\t\t\t\t<span class=\"elementor-button-content-wrapper\">\n\t\t\t\t\t\t\t\t\t<span class=\"elementor-button-text\">\ud83d\udd0e Obtenir mon diagnostic IT gratuit<\/span>\n\t\t\t\t\t<\/span>\n\t\t\t\t\t<\/a>\n\t\t\t\t\t\t\t\t<\/div>\n\t\t<div class=\"elementor-element elementor-element-cbd07d7 e-con-full e-flex e-con e-child\" data-id=\"cbd07d7\" data-element_type=\"container\" data-e-type=\"container\">\n\t\t<div class=\"elementor-element elementor-element-f0d4ea0 e-con-full e-flex e-con e-child\" data-id=\"f0d4ea0\" data-element_type=\"container\" data-e-type=\"container\">\n\t\t\t\t<div class=\"elementor-element elementor-element-8dafb31 elementor-widget elementor-widget-text-editor\" data-id=\"8dafb31\" data-element_type=\"widget\" data-e-type=\"widget\" data-widget_type=\"text-editor.default\">\n\t\t\t\t\t\t\t\t\t<p style=\"text-align: center;\">\u2714 Sans engagement<\/p>\t\t\t\t\t\t\t\t<\/div>\n\t\t\t\t<div class=\"elementor-element elementor-element-a81ae90 elementor-widget elementor-widget-text-editor\" data-id=\"a81ae90\" data-element_type=\"widget\" data-e-type=\"widget\" data-widget_type=\"text-editor.default\">\n\t\t\t\t\t\t\t\t\t<p style=\"text-align: center;\">\u2714 Audit offert<\/p>\t\t\t\t\t\t\t\t<\/div>\n\t\t\t\t<\/div>\n\t\t\t\t<\/div>\n\t\t\t\t\t<\/div>\n\t\t\t\t<\/div>\n\t\t\t\t<\/div>","protected":false},"excerpt":{"rendered":"<p>Infog\u00e9rance &amp; Maintenance IT pour PMEZ\u00e9ro panne. Z\u00e9ro surprise. Nous anticipons les pannes, bloquons les menaces et assurons la continuit\u00e9 de votre activit\u00e9. Vos \u00e9quipes travaillent. Votre IT ne vous ralentit plus. \u26a0\ufe0f Aujourd\u2019hui, votre IT vous expose \u00e0 des risques \u274c Des pannes qui bloquent votre activit\u00e9 \u274c Un support lent quand vous en [&hellip;]<\/p>\n","protected":false},"author":1,"featured_media":0,"parent":0,"menu_order":0,"comment_status":"closed","ping_status":"closed","template":"","meta":{"footnotes":""},"class_list":["post-2157","page","type-page","status-publish","hentry"],"blocksy_meta":[],"_links":{"self":[{"href":"http:\/\/www.kbahiri.com\/en\/wp-json\/wp\/v2\/pages\/2157","targetHints":{"allow":["GET"]}}],"collection":[{"href":"http:\/\/www.kbahiri.com\/en\/wp-json\/wp\/v2\/pages"}],"about":[{"href":"http:\/\/www.kbahiri.com\/en\/wp-json\/wp\/v2\/types\/page"}],"author":[{"embeddable":true,"href":"http:\/\/www.kbahiri.com\/en\/wp-json\/wp\/v2\/users\/1"}],"replies":[{"embeddable":true,"href":"http:\/\/www.kbahiri.com\/en\/wp-json\/wp\/v2\/comments?post=2157"}],"version-history":[{"count":109,"href":"http:\/\/www.kbahiri.com\/en\/wp-json\/wp\/v2\/pages\/2157\/revisions"}],"predecessor-version":[{"id":2300,"href":"http:\/\/www.kbahiri.com\/en\/wp-json\/wp\/v2\/pages\/2157\/revisions\/2300"}],"wp:attachment":[{"href":"http:\/\/www.kbahiri.com\/en\/wp-json\/wp\/v2\/media?parent=2157"}],"curies":[{"name":"wp","href":"https:\/\/api.w.org\/{rel}","templated":true}]}}